{"id":36,"date":"2020-08-06T22:21:54","date_gmt":"2020-08-06T22:21:54","guid":{"rendered":"https:\/\/upfinanzierungundberatung.de\/?page_id=36"},"modified":"2025-01-16T19:32:01","modified_gmt":"2025-01-16T19:32:01","slug":"impressum","status":"publish","type":"page","link":"https:\/\/upfinanzierungundberatung.de\/?page_id=36","title":{"rendered":"Impressum"},"content":{"rendered":"\n<figure class=\"wp-block-table\"><table><tbody><tr><td><\/td><td><br><br><strong>Betreiber<\/strong><br><br>UP Finanzierung und Beratung GmbH<br>Liegnitzer Str. 41<br>40670 Meerbusch<br><br>Telefon:\u00a0+49 (0) 2131 &#8211; 474 498 0<br>Telefax:\u00a0+49 (0) 2131 &#8211; 316 21 07<br><br>Sitz in Neuss<br>Amtsgericht Neuss<br>Gesch\u00e4ftsinhaber: \u00dcmit Pekin<br><br>Umsatzsteuer-Identifikationsnr.: DEXXXXXXXXX<br><br><br><strong>Urheberrecht<\/strong><br><br>Copyright \u00a9 2025 UP FINANZ &amp; BERATUNG GMBH. ALLE RECHTE VORBEHALTEN.<br>Die Inhalte der Website www.upfinanzierungundberatung.de sind urheberrechtlich gesch\u00fctzt. Eine Vervielf\u00e4ltigung (z. B. Fotokopie, Mikrofilm oder andere Verfahren), Verbreitung oder Verarbeitung durch elektronische Systeme ohne schriftliche Genehmigung der UP Finanzierung &amp; Beratung GmbH ist in jeglicher Form untersagt. Ausnahme w\u00e4re lediglich ein ausdr\u00fccklicher, gegenteiliger Vermerk.<br><br><br><strong>Haftungsausschluss<\/strong><br><br>Diese Website befindet sich auf dem tempor\u00e4ren Stand eines kontinuierlichen Arbeitsprozesses. Die UP Finanzierung &amp; Beratung GmbH \u00fcbernimmt trotz gr\u00f6\u00dftm\u00f6glicher Sorgfalt bei der Zusammenstellung aller auf der Site enthaltenen Informationen keine Gew\u00e4hr f\u00fcr deren Aktualit\u00e4t, Richtigkeit oder Vollst\u00e4ndigkeit. Dies gilt ebenso f\u00fcr s\u00e4mtliche Links und indirekte Verweise auf andere Webseiten, f\u00fcr deren Inhalte UP Verwaltung &amp; Immobilien nicht verantwortlich ist.<br><br>UP Finanzierung &amp; Beratung GmbH kann nicht f\u00fcr etwaige Sch\u00e4den bzw. Folgesch\u00e4den jeglicher Art haftbar gemacht werden, die durch die direkte oder indirekte Nutzung der auf der Site enthaltenen Informationen entstehen, einschlie\u00dflich entgangenen Gewinns oder Sch\u00e4den, die aus einen Datenverlust zur\u00fcckzuf\u00fchren sind.<br><br>Wir behalten uns \u00c4nderungen in den dargestellten Informationen ohne vorherige Ank\u00fcndigung vor. Alle Angebote sind freibleibend und unverbindlich.<\/td><\/tr><\/tbody><\/table><\/figure>\n\n\n\n<p><\/p>\n\n\n\n<hr class=\"wp-block-separator has-css-opacity\"\/>\n\n\n\n<p><strong>Marken- und Warenzeichen<\/strong><br><br>Alle auf dieser Website genannten bzw. gezeigten Marken- und Warenzeichen unterliegen uneingeschr\u00e4nkt den Bestimmungen des jeweils g\u00fcltigen Kennzeichnungsrechtes und gegebenenfalls den Besitzrechten der jeweiligen eingetragenen Eigent\u00fcmer (123rf.com #92925380 \u00a9 scyther5, # 34160736 \u00a9 Kurhan, #102126465 \u00a9 Andriy Popov).<br><br><br><strong>Allgemeine Erkl\u00e4rungen zum Datenschutz<\/strong><br><br>Die immobiliencity.de Webseite wird von uns immer wieder sorgf\u00e4ltig gepr\u00fcft, \u00fcberarbeitet und aktualisiert. Sollten Sie dennoch einen Fehler bemerken, Fragen oder Anregungen haben, schreiben Sie uns bitte \u00fcber das <a href=\"https:\/\/upfinanzierungundberatung.de\/?page_id=21\">Kontaktformular<\/a>.<br><br><br><br><strong>Datenschutzbestimmungen<\/strong><br><br>Um Ihre Privatsph\u00e4re und Ihre pers\u00f6nlichen Daten zu sch\u00fctzen, werden bei unseren Internetaktivit\u00e4ten ausnahmslos die jeweils geltenden Datenschutzgesetze angewandt.<br><br><br><strong>Pers\u00f6nliche Daten<\/strong><br><br>Wenn Sie auf unserer Webseite Ihre pers\u00f6nlichen Daten angeben m\u00f6chten, um spezielle Informationen und Angebote via E-Mail oder per Post zu erhalten, k\u00f6nnen Sie dies ganz beruhigt tun. Ihre Daten werden von uns streng vertraulich behandelt und keinesfalls an Dritte weitergegeben.<br><br><br><strong>Datensicherheit<\/strong><br><br>Um den gr\u00f6\u00dftm\u00f6glichen Schutz Ihrer Daten vor unberechtigtem Zugriff, Manipulation oder Verlust zu gew\u00e4hrleisten, wenden wir die jeweils neuesten Sicherheitstechnologien an.<br><br><br><strong>Eingesetzte Technologien<\/strong><br><br>Auf unserer Webseite verwenden wir g\u00e4ngige Internet Technologien wie JavaScript oder Flash. Dies geschieht, um Ihnen die Inhalte ad\u00e4quat zu pr\u00e4sentieren, keinesfalls um Ihre pers\u00f6nlichen Daten ausfindig zu machen oder Daten auf Ihrem Computer zu manipulieren.<br><br><br><strong>Protokolle<\/strong><br><br>Es ist allgemein \u00fcblich, Zugriffe auf HTTP-Server zu protokollieren, um rechtlich z. B. gegen Hacker abgesichert zu sein. Die Protokolle beinhalten unter anderem die IP Adresse des Rechners, von dem aus zugriffen wird. Diese Daten sind nie personenbezogen und dienen von der rechtlichen Absicherung abgesehen der Optimierung unserer Webseite. Eine Auswertung der Daten erfolgt rein statistisch, beispielsweise f\u00fcr Zugriffsfehler, durchschnittliche Verweildauer, verwendete Internet-Browser und Betriebssysteme.<br><br><br><strong>Links zu anderen Websites<\/strong><br><br>F\u00fcr die Inhalte oder die Datenschutzpolitik externer Websites, auf die von unserer Webseite aus verlinkt wird, \u00fcbernehmen wir keinerlei Verantwortung, da diese Seiten nicht unserem Einfluss unterliegen.<\/p>\n","protected":false},"excerpt":{"rendered":"<p>Betreiber UP Finanzierung und Beratung GmbHLiegnitzer Str. 4140670 Meerbusch Telefon:\u00a0+49 (0) 2131 &#8211; 474 498 0Telefax:\u00a0+49 (0) 2131 &#8211; 316 21 07 Sitz in NeussAmtsgericht NeussGesch\u00e4ftsinhaber: \u00dcmit Pekin Umsatzsteuer-Identifikationsnr.: DEXXXXXXXXX Urheberrecht Copyright \u00a9 2025 UP FINANZ &amp; BERATUNG GMBH. ALLE RECHTE VORBEHALTEN.Die Inhalte der Website www.upfinanzierungundberatung.de sind urheberrechtlich gesch\u00fctzt. Eine Vervielf\u00e4ltigung (z. B. Fotokopie, Mikrofilm &hellip; <\/p>\n<p class=\"link-more\"><a href=\"https:\/\/upfinanzierungundberatung.de\/?page_id=36\" class=\"more-link\"><span class=\"screen-reader-text\">\u201eImpressum\u201c <\/span>weiterlesen<\/a><\/p>\n","protected":false},"author":1,"featured_media":0,"parent":0,"menu_order":0,"comment_status":"closed","ping_status":"closed","template":"","meta":{"footnotes":""},"class_list":["post-36","page","type-page","status-publish","hentry"],"_links":{"self":[{"href":"https:\/\/upfinanzierungundberatung.de\/index.php?rest_route=\/wp\/v2\/pages\/36","targetHints":{"allow":["GET"]}}],"collection":[{"href":"https:\/\/upfinanzierungundberatung.de\/index.php?rest_route=\/wp\/v2\/pages"}],"about":[{"href":"https:\/\/upfinanzierungundberatung.de\/index.php?rest_route=\/wp\/v2\/types\/page"}],"author":[{"embeddable":true,"href":"https:\/\/upfinanzierungundberatung.de\/index.php?rest_route=\/wp\/v2\/users\/1"}],"replies":[{"embeddable":true,"href":"https:\/\/upfinanzierungundberatung.de\/index.php?rest_route=%2Fwp%2Fv2%2Fcomments&post=36"}],"version-history":[{"count":7,"href":"https:\/\/upfinanzierungundberatung.de\/index.php?rest_route=\/wp\/v2\/pages\/36\/revisions"}],"predecessor-version":[{"id":111,"href":"https:\/\/upfinanzierungundberatung.de\/index.php?rest_route=\/wp\/v2\/pages\/36\/revisions\/111"}],"wp:attachment":[{"href":"https:\/\/upfinanzierungundberatung.de\/index.php?rest_route=%2Fwp%2Fv2%2Fmedia&parent=36"}],"curies":[{"name":"wp","href":"https:\/\/api.w.org\/{rel}","templated":true}]}}