{"id":14,"date":"2020-08-03T14:52:45","date_gmt":"2020-08-03T14:52:45","guid":{"rendered":"https:\/\/upfinanzierungundberatung.de\/?page_id=14"},"modified":"2020-08-21T09:15:33","modified_gmt":"2020-08-21T09:15:33","slug":"herzlich-willkommen","status":"publish","type":"page","link":"https:\/\/upfinanzierungundberatung.de\/","title":{"rendered":"Herzlich Willkommen"},"content":{"rendered":"\n<p>Die UP Finanzierung und Beratungs GmbH bietet Dienstleistungen rund um das Thema Kapitalbeschaffung an.<\/p>\n\n\n\n<p>Wir beraten Sie gerne in Fragen einer Finanzierung, in welcher Form diese Ihrerseits auch ben\u00f6tigt wird.<\/p>\n\n\n\n<p><span class=\"has-inline-color has-vivid-red-color\">Wir arbeiten mit \u00fcber 450 finanzierenden Banken zusammen! <\/span><\/p>\n\n\n\n<p>Durch diese Konstellation k\u00f6nnen wir die optimalen Konditionen f\u00fcr unsere Kunden ausarbeiten, ohne dass Sie bei jeder Bank vorstellig werden und Ihnen alles aus einer Hand pr\u00e4sentieren.<br><br><\/p>\n\n\n\n<div class=\"wp-block-image\"><figure class=\"aligncenter size-large\"><img loading=\"lazy\" decoding=\"async\" width=\"398\" height=\"265\" src=\"https:\/\/upfinanzierungundberatung.de\/wp-content\/uploads\/2020\/08\/bild1.jpg\" alt=\"\" class=\"wp-image-89\" srcset=\"https:\/\/upfinanzierungundberatung.de\/wp-content\/uploads\/2020\/08\/bild1.jpg 398w, https:\/\/upfinanzierungundberatung.de\/wp-content\/uploads\/2020\/08\/bild1-300x200.jpg 300w\" sizes=\"auto, (max-width: 398px) 100vw, 398px\" \/><\/figure><\/div>\n\n\n\n<p> <\/p>\n\n\n\n<p><br><ul><li>Immobilienfinanzierungen<\/li><\/ul><\/p>\n\n\n\n<ul class=\"wp-block-list\"><li>Privatkredite<\/li><\/ul>\n\n\n\n<ul class=\"wp-block-list\"><li>ma\u00dfgeschneiderte Finanzierungen unter Ber\u00fccksichtigung Ihrer Bed\u00fcrfnisse<\/li><\/ul>\n\n\n\n<ul class=\"wp-block-list\"><li>M\u00f6glichkeiten von Sondertilgungen<\/li><\/ul>\n\n\n\n<ul class=\"wp-block-list\"><li>Anschlussfinanzierung Ihrer aktuellen Finanzierung zu attraktiven Konditionen<\/li><\/ul>\n\n\n\n<ul class=\"wp-block-list\"><li>variable Bereitstellungszinsen<\/li><\/ul>\n\n\n\n<ul class=\"wp-block-list\"><li>Einarbeitung vorhandener Bausparmitteln oder Einbindung vorhandener Versicherungen zur Konditionsverbesserung<\/li><\/ul>\n\n\n\n<ul><li>bei Wunsch und Vorteilsbringung Beteiligung von KfW- Mitteln als staatl. F\u00f6rdermittel zur diversen F\u00f6rderprogrammen&nbsp; <\/li><\/ul><br>\n\n\n\n<div class=\"wp-block-image\"><figure class=\"aligncenter size-large\"><img loading=\"lazy\" decoding=\"async\" width=\"728\" height=\"365\" src=\"https:\/\/upfinanzierungundberatung.de\/wp-content\/uploads\/2020\/08\/bild2.jpg\" alt=\"\" class=\"wp-image-90\" srcset=\"https:\/\/upfinanzierungundberatung.de\/wp-content\/uploads\/2020\/08\/bild2.jpg 728w, https:\/\/upfinanzierungundberatung.de\/wp-content\/uploads\/2020\/08\/bild2-300x150.jpg 300w\" sizes=\"auto, (max-width: 728px) 100vw, 728px\" \/><\/figure><\/div>\n\n\n\n<p><br><p>Sind Sie bereit zum Immobilienerwerb, dann sollte Ihr Finanzierungsbedarf auf gesunde F\u00fc\u00dfe stehen,\u00a0 um auch an die besten Angebote des Markts angehen zu k\u00f6nnen.<\/p><\/p>\n\n\n\n<p>Sprechen Sie uns unverbindlich an \u2013 wir beraten Sie sehr gerne auch au\u00dfer Haus und zu Zeiten die Ihnen zusagen.<br><br><\/p>\n\n\n\n<hr class=\"wp-block-separator\"\/>\n\n\n\n<p class=\"has-text-align-center\"><strong>Sie erreichen uns<\/strong><\/p>\n\n\n\n<p class=\"has-text-align-center\">per <a href=\"https:\/\/upfinanzierungundberatung.de\/?page_id=21\"><span class=\"has-inline-color has-vivid-cyan-blue-color\">Kontaktformular <\/span><\/a>oder telefonisch unter +49 (0) 2131 &#8211; 474 498 0<\/p>\n\n\n\n<hr class=\"wp-block-separator\"\/>\n\n\n\n<p><br>Aktuell wird unsere Webseite \u00fcberarbeitet. Bitte besuchen Sie uns zu einem sp\u00e4teren Zeitpunkt erneut. Vielen Dank.<\/p>\n","protected":false},"excerpt":{"rendered":"<p>Die UP Finanzierung und Beratungs GmbH bietet Dienstleistungen rund um das Thema Kapitalbeschaffung an. Wir beraten Sie gerne in Fragen einer Finanzierung, in welcher Form diese Ihrerseits auch ben\u00f6tigt wird. Wir arbeiten mit \u00fcber 450 finanzierenden Banken zusammen! Durch diese Konstellation k\u00f6nnen wir die optimalen Konditionen f\u00fcr unsere Kunden ausarbeiten, ohne dass Sie bei jeder &hellip; <\/p>\n<p class=\"link-more\"><a href=\"https:\/\/upfinanzierungundberatung.de\/\" class=\"more-link\"><span class=\"screen-reader-text\">\u201eHerzlich Willkommen\u201c <\/span>weiterlesen<\/a><\/p>\n","protected":false},"author":1,"featured_media":0,"parent":0,"menu_order":0,"comment_status":"closed","ping_status":"closed","template":"","meta":{"footnotes":""},"class_list":["post-14","page","type-page","status-publish","hentry"],"_links":{"self":[{"href":"https:\/\/upfinanzierungundberatung.de\/index.php?rest_route=\/wp\/v2\/pages\/14","targetHints":{"allow":["GET"]}}],"collection":[{"href":"https:\/\/upfinanzierungundberatung.de\/index.php?rest_route=\/wp\/v2\/pages"}],"about":[{"href":"https:\/\/upfinanzierungundberatung.de\/index.php?rest_route=\/wp\/v2\/types\/page"}],"author":[{"embeddable":true,"href":"https:\/\/upfinanzierungundberatung.de\/index.php?rest_route=\/wp\/v2\/users\/1"}],"replies":[{"embeddable":true,"href":"https:\/\/upfinanzierungundberatung.de\/index.php?rest_route=%2Fwp%2Fv2%2Fcomments&post=14"}],"version-history":[{"count":24,"href":"https:\/\/upfinanzierungundberatung.de\/index.php?rest_route=\/wp\/v2\/pages\/14\/revisions"}],"predecessor-version":[{"id":100,"href":"https:\/\/upfinanzierungundberatung.de\/index.php?rest_route=\/wp\/v2\/pages\/14\/revisions\/100"}],"wp:attachment":[{"href":"https:\/\/upfinanzierungundberatung.de\/index.php?rest_route=%2Fwp%2Fv2%2Fmedia&parent=14"}],"curies":[{"name":"wp","href":"https:\/\/api.w.org\/{rel}","templated":true}]}}